{"id":30,"date":"2017-07-12T12:53:08","date_gmt":"2017-07-12T12:53:08","guid":{"rendered":"http:\/\/wp1043039.server-he.de\/w-homepage-xxl.de\/?page_id=30"},"modified":"2017-12-15T12:04:58","modified_gmt":"2017-12-15T12:04:58","slug":"start","status":"publish","type":"page","link":"http:\/\/stb-grobe.de\/","title":{"rendered":"Herzlich willkommen !"},"content":{"rendered":"<hr \/>\n<p>Die pers\u00f6nliche und individuelle Beratung meiner Mandanten hat f\u00fcr mich oberste Priorit\u00e4t. Ich biete Ihnen ein umfassendes Leistungsspektrum, um Ihnen in m\u00f6glichst vielen Fragen eine <strong>kompetente Beratung aus einer Hand<\/strong> zu erm\u00f6glichen.<\/p>\n<p>Mein Bestreben ist es, durch steuerliche und betriebswirtschaftliche Beratung die Steuerbelastung meiner Mandanten langfristig zu minimieren. Auf der Basis von st\u00e4ndig <strong>aktualisiertem Fachwissen<\/strong> berate ich Sie gerne in wichtigen Entscheidungen.<\/p>\n<p>Desweiteren ist es mir wichtig, <strong>zeitnahe Informationen<\/strong> f\u00fcr die Gesch\u00e4ftsf\u00fchrung und auch f\u00fcr Banken bereitzustellen, um reibungslose Investitions- und Finanzierungsentscheidungen zu gew\u00e4hrleisten.<\/p>\n<p>Um \u00fcber alle neuen Urteile der Finanzgerichte, des Bundesfinanzhofs und des Bundesverfassungsgerichts laufend informiert zu sein, bediene ich mich neben der \u00fcblichen fachlichen Weiterbildung einer hervorragenden st\u00e4ndig aktualisierten EDV-Software. Der explizite Zugriff bei der Vielzahl von Urteilen ist vor allem bei der Einlegung von Einspr\u00fcchen gegen Steuerbescheide unerl\u00e4sslich.<\/p>\n<p>Schlie\u00dflich ist mein Ziel nur dann erreicht, wenn Sie mit meiner Arbeit zufrieden sind.<br \/>\nMeine T\u00e4tigkeiten sind im Einzelnen f\u00fcr Sie ausf\u00fchrlich auf den folgenden Seiten dargestellt und beschrieben.<\/p>\n<p>Gerne biete ich Ihnen ein <strong>Erstkontaktgespr\u00e4ch<\/strong> an, in dem Sie sich \u00fcber Geb\u00fchren und \u00fcber meine Arbeitsweise informieren k\u00f6nnen.<\/p>\n","protected":false},"excerpt":{"rendered":"<p>Die pers\u00f6nliche und individuelle Beratung meiner Mandanten hat f\u00fcr mich oberste Priorit\u00e4t. Ich biete Ihnen ein umfassendes Leistungsspektrum, um Ihnen<\/p>\n","protected":false},"author":1,"featured_media":0,"parent":0,"menu_order":0,"comment_status":"closed","ping_status":"closed","template":"","meta":{"footnotes":""},"class_list":["post-30","page","type-page","status-publish","hentry"],"_links":{"self":[{"href":"http:\/\/stb-grobe.de\/index.php?rest_route=\/wp\/v2\/pages\/30","targetHints":{"allow":["GET"]}}],"collection":[{"href":"http:\/\/stb-grobe.de\/index.php?rest_route=\/wp\/v2\/pages"}],"about":[{"href":"http:\/\/stb-grobe.de\/index.php?rest_route=\/wp\/v2\/types\/page"}],"author":[{"embeddable":true,"href":"http:\/\/stb-grobe.de\/index.php?rest_route=\/wp\/v2\/users\/1"}],"replies":[{"embeddable":true,"href":"http:\/\/stb-grobe.de\/index.php?rest_route=%2Fwp%2Fv2%2Fcomments&post=30"}],"version-history":[{"count":15,"href":"http:\/\/stb-grobe.de\/index.php?rest_route=\/wp\/v2\/pages\/30\/revisions"}],"predecessor-version":[{"id":204,"href":"http:\/\/stb-grobe.de\/index.php?rest_route=\/wp\/v2\/pages\/30\/revisions\/204"}],"wp:attachment":[{"href":"http:\/\/stb-grobe.de\/index.php?rest_route=%2Fwp%2Fv2%2Fmedia&parent=30"}],"curies":[{"name":"wp","href":"https:\/\/api.w.org\/{rel}","templated":true}]}}