{"id":121,"date":"2017-12-14T12:35:20","date_gmt":"2017-12-14T12:35:20","guid":{"rendered":"http:\/\/stbnpb.homepage-xxl.de\/?page_id=121"},"modified":"2017-12-17T14:56:21","modified_gmt":"2017-12-17T14:56:21","slug":"gebuehren","status":"publish","type":"page","link":"http:\/\/stb-grobe.de\/?page_id=121","title":{"rendered":"Geb\u00fchren"},"content":{"rendered":"<hr \/>\n<p>Als Steuerberaterin bin ich an die Steuerberatergeb\u00fchrenverordnung (StBVV) gebunden. Die Geb\u00fchr orientiert sich an der Mittelgeb\u00fchr und die Art, den Umfang und die Schwierigkeit des Auftrages.<br \/>\nEinfache Steuer-Erkl\u00e4rungen verursachen geringere Geb\u00fchren, komplexere Arbeiten h\u00f6here Geb\u00fchren.<br \/>\nSteuerberatungskosten d\u00fcrfen in der Steuererkl\u00e4rung als Betriebsausgaben oder Werbungskosten<br \/>\nangesetzt werden. Dadurch kommt Ihnen ein Teil des Steuerberaterhonorars durch die<br \/>\nSteuerersparnis wieder zugute.<\/p>\n<p>&nbsp;<\/p>\n","protected":false},"excerpt":{"rendered":"<p>Als Steuerberaterin bin ich an die Steuerberatergeb\u00fchrenverordnung (StBVV) gebunden. Die Geb\u00fchr orientiert sich an der Mittelgeb\u00fchr und die Art, den<\/p>\n","protected":false},"author":1,"featured_media":0,"parent":0,"menu_order":0,"comment_status":"closed","ping_status":"closed","template":"","meta":{"footnotes":""},"class_list":["post-121","page","type-page","status-publish","hentry"],"_links":{"self":[{"href":"http:\/\/stb-grobe.de\/index.php?rest_route=\/wp\/v2\/pages\/121","targetHints":{"allow":["GET"]}}],"collection":[{"href":"http:\/\/stb-grobe.de\/index.php?rest_route=\/wp\/v2\/pages"}],"about":[{"href":"http:\/\/stb-grobe.de\/index.php?rest_route=\/wp\/v2\/types\/page"}],"author":[{"embeddable":true,"href":"http:\/\/stb-grobe.de\/index.php?rest_route=\/wp\/v2\/users\/1"}],"replies":[{"embeddable":true,"href":"http:\/\/stb-grobe.de\/index.php?rest_route=%2Fwp%2Fv2%2Fcomments&post=121"}],"version-history":[{"count":6,"href":"http:\/\/stb-grobe.de\/index.php?rest_route=\/wp\/v2\/pages\/121\/revisions"}],"predecessor-version":[{"id":278,"href":"http:\/\/stb-grobe.de\/index.php?rest_route=\/wp\/v2\/pages\/121\/revisions\/278"}],"wp:attachment":[{"href":"http:\/\/stb-grobe.de\/index.php?rest_route=%2Fwp%2Fv2%2Fmedia&parent=121"}],"curies":[{"name":"wp","href":"https:\/\/api.w.org\/{rel}","templated":true}]}}